{"id":12,"date":"2019-04-10T05:23:30","date_gmt":"2019-04-10T05:23:30","guid":{"rendered":"http:\/\/haerteundfall.de\/?page_id=12"},"modified":"2019-09-11T08:36:21","modified_gmt":"2019-09-11T08:36:21","slug":"front-page","status":"publish","type":"page","link":"https:\/\/haerteundfall.de\/","title":{"rendered":"Hier wird gebaut&#8230;"},"content":{"rendered":"\n<p class=\"has-drop-cap\">Hey! Sch\u00f6n, dass Du hier gelandet bist! Wir bauen um. Nach wie vor&#8230; =( In Zukunft wird hier einiges \u00fcber unser Projekt &#8222;H\u00e4rte+Fall&#8220; zu sehen sein. Wer wir sind, was wir machen und warum wir, was machen, wie wir es machen.                                                     Vorab dennoch ein kleines &#8222;About us&#8220;&#8230;<br><\/p>\n\n\n\n<p style=\"text-align:left\"> &#8212;&#8212;&#8212;&#8212;&#8212;&#8212;&#8212;&#8212;&#8212;&#8212;&#8211;<br>Getroffen und gefunden&#8230;<br><br>So k\u00f6nnte man es kurz beschreiben, den Weg, wie sich Stefan und Ren\u00e9 kennengelernt haben.<br>Anfang der Jahrtausendwende nahm Stefan, Ren\u00e9 an die Hand und zog ihn zu seinen ersten Gigs.<br>Gepr\u00e4gt vom damaligen Sound, der unz\u00e4hlige Massen bewegte, rockten sie zusammen diverse Clubs im Norden Deutschlands.<br>Leider verloren sich die beiden aus den Augen und gingen fortan getrennte Wege.Stefan legte weiterhin in angesagten Clubs auf und bestreitete eine eigene Club-Tour durch Deutschland. Die Candy-House-Tour.<br><br>Um Ren\u00e9 wurde es ruhiger.<br>Er w\u00e4hlte den &#8222;Normalo&#8220;-Weg und hatte nur noch sporadisch ein paar Gelegenheiten zum auflegen. Er mutierte zu einem Bedroom-DJ, wie man es heutzutage nennt.<br>Beide gehen mittlerweile einem normalen 0815-Job nach und so kreutzten sich die Wege abermals.&nbsp;<strong>H\u00e4rte+Fall<\/strong> war geboren.<br>Die innere Flamme, die einen DJ am Leben h\u00e4lt, wenn hunderte Menschen (oder auch nur zehn) zu der Musik tanzen die man auflegt, ist bei beiden nie erloschen.<br>Es ist wie ein Virus der sich festgesetzt hat.<br>Die Liebe zur elektronischen Musik, die gleichen Ideen, Konzepte und Vorstellungen sind auch nach der langen Zeit der Abstinenz immer noch bei beiden ungebrochen&#8230;denn<br><br>&#8230;wenn der letzte, tanzende Gast den Club mit einem L\u00e4cheln verl\u00e4sst, dann haben die beiden ihr Ziel erreicht.<\/p>\n\n\n\n<p class=\"has-text-color has-vivid-red-color\"><br>cheers<\/p>\n","protected":false},"excerpt":{"rendered":"<p>Hey! Sch\u00f6n, dass Du hier gelandet bist! Wir bauen um. Nach wie vor&#8230; =( In Zukunft wird hier einiges \u00fcber unser Projekt &#8222;H\u00e4rte+Fall&#8220; zu sehen sein. Wer wir sind, was wir machen und warum wir, was machen, wie wir es machen. Vorab dennoch ein kleines &#8222;About us&#8220;&#8230; &#8212;&#8212;&#8212;&#8212;&#8212;&#8212;&#8212;&#8212;&#8212;&#8212;&#8211;Getroffen und gefunden&#8230; So k\u00f6nnte man es kurz &hellip; <\/p>\n<p class=\"link-more\"><a href=\"https:\/\/haerteundfall.de\/\" class=\"more-link\"><span class=\"screen-reader-text\">\u201eHier wird gebaut&#8230;\u201c <\/span>weiterlesen<\/a><\/p>\n","protected":false},"author":1,"featured_media":0,"parent":0,"menu_order":0,"comment_status":"closed","ping_status":"closed","template":"","meta":{"footnotes":""},"class_list":["post-12","page","type-page","status-publish","hentry"],"_links":{"self":[{"href":"https:\/\/haerteundfall.de\/index.php?rest_route=\/wp\/v2\/pages\/12","targetHints":{"allow":["GET"]}}],"collection":[{"href":"https:\/\/haerteundfall.de\/index.php?rest_route=\/wp\/v2\/pages"}],"about":[{"href":"https:\/\/haerteundfall.de\/index.php?rest_route=\/wp\/v2\/types\/page"}],"author":[{"embeddable":true,"href":"https:\/\/haerteundfall.de\/index.php?rest_route=\/wp\/v2\/users\/1"}],"replies":[{"embeddable":true,"href":"https:\/\/haerteundfall.de\/index.php?rest_route=%2Fwp%2Fv2%2Fcomments&post=12"}],"version-history":[{"count":10,"href":"https:\/\/haerteundfall.de\/index.php?rest_route=\/wp\/v2\/pages\/12\/revisions"}],"predecessor-version":[{"id":60,"href":"https:\/\/haerteundfall.de\/index.php?rest_route=\/wp\/v2\/pages\/12\/revisions\/60"}],"wp:attachment":[{"href":"https:\/\/haerteundfall.de\/index.php?rest_route=%2Fwp%2Fv2%2Fmedia&parent=12"}],"curies":[{"name":"wp","href":"https:\/\/api.w.org\/{rel}","templated":true}]}}